{"id":622,"date":"2019-04-17T10:03:57","date_gmt":"2019-04-17T10:03:57","guid":{"rendered":"https:\/\/praxis-wailand.de\/?page_id=622"},"modified":"2026-02-25T14:55:13","modified_gmt":"2026-02-25T12:55:13","slug":"work-with-me","status":"publish","type":"page","link":"https:\/\/praxis-wailand.de\/?page_id=622","title":{"rendered":"\u00dcber mich"},"content":{"rendered":"\t\t<div data-elementor-type=\"wp-post\" data-elementor-id=\"622\" class=\"elementor elementor-622\">\n\t\t\t\t\t\t<section class=\"elementor-section elementor-top-section elementor-element elementor-element-99be5c1 elementor-section-boxed elementor-section-height-default elementor-section-height-default\" data-id=\"99be5c1\" data-element_type=\"section\">\n\t\t\t\t\t\t<div class=\"elementor-container elementor-column-gap-default\">\n\t\t\t\t\t<div class=\"elementor-column elementor-col-100 elementor-top-column elementor-element elementor-element-f79b05a\" data-id=\"f79b05a\" data-element_type=\"column\">\n\t\t\t<div class=\"elementor-widget-wrap\">\n\t\t\t\t\t\t\t<\/div>\n\t\t<\/div>\n\t\t\t\t\t<\/div>\n\t\t<\/section>\n\t\t\t\t<section class=\"elementor-section elementor-top-section elementor-element elementor-element-26c34a9 elementor-section-boxed elementor-section-height-default elementor-section-height-default\" data-id=\"26c34a9\" data-element_type=\"section\">\n\t\t\t\t\t\t<div class=\"elementor-container elementor-column-gap-default\">\n\t\t\t\t\t<div class=\"elementor-column elementor-col-100 elementor-top-column elementor-element elementor-element-3ae2758\" data-id=\"3ae2758\" data-element_type=\"column\">\n\t\t\t<div class=\"elementor-widget-wrap\">\n\t\t\t\t\t\t\t<\/div>\n\t\t<\/div>\n\t\t\t\t\t<\/div>\n\t\t<\/section>\n\t\t\t\t<section class=\"elementor-section elementor-top-section elementor-element elementor-element-66b3ea0 elementor-section-boxed elementor-section-height-default elementor-section-height-default\" data-id=\"66b3ea0\" data-element_type=\"section\">\n\t\t\t\t\t\t<div class=\"elementor-container elementor-column-gap-default\">\n\t\t\t\t\t<div class=\"elementor-column elementor-col-100 elementor-top-column elementor-element elementor-element-d6e0f70\" data-id=\"d6e0f70\" data-element_type=\"column\">\n\t\t\t<div class=\"elementor-widget-wrap elementor-element-populated\">\n\t\t\t\t\t\t<div class=\"elementor-element elementor-element-f906268 elementor-widget elementor-widget-text-editor\" data-id=\"f906268\" data-element_type=\"widget\" data-widget_type=\"text-editor.default\">\n\t\t\t\t<div class=\"elementor-widget-container\">\n\t\t\t\t\t\t\t<p>Ich bin 1954 in Berlin geboren und habe zwei Kinder und zwei Enkel.<\/p><p>Ab 1994 habe ich eine sechsj\u00e4hrige Ausbildung in Tiefenpsychologisch-fundierter K\u00f6rperorientierter Psychologie und Psychotherapie bei der Europ\u00e4ischen Schule f\u00fcr Biodynamische Psychologie absolviert und mich viele Jahre darin weitergebildet.<\/p><p>Weitere Fortbildungen:<\/p><p>Traumatherapie und EMDR bei Eli Weidenfeld<\/p><p>Deep Draining bei Johannes Voet<\/p><p>Feldenkrais f\u00fcr K\u00f6rpertherapeuten bei Dierk Wichmann<\/p><p>Diverse weitere Seminare in Progressiver Muskelentspannung, Massage, Hypnotherapie, Familienstellen, Bindegewebsarbeit.<\/p><p>In meiner Praxis arbeite ich seit vielen Jahren mit Einzelnen, Gruppen und Paaren bzw. Menschen, die einen bestehenden Konflikt miteinander l\u00f6sen m\u00f6chten.<\/p><p>Au\u00dferdem war ich bis 2022 lange Jahre als Ausbilderin, Lehrtherapeutin und Supervisorin der Europ\u00e4ischen Schule f\u00fcr Biodynamische Psychologie t\u00e4tig.<\/p><p>Einzelsupervision und Gruppensupervision f\u00fcr K\u00f6rperpsychotherapeuten; Teamsupervision in der Ameos-Klinik Neustadt.<\/p><p>\u00a0<\/p><p>Meine Kollegin Sonja Sternberg und ich haben die <a href=\"http:\/\/www.institut-f\u00fcr-traumahilfe-hamburg.de\"><strong>Weiterbildung in K\u00f6rperorientierter Heilp\u00e4dagogik<\/strong><\/a> entwickelt, die wir regelm\u00e4\u00dfig in Seminaren in Hamburg anbieten.\u00a0<\/p>\t\t\t\t\t\t<\/div>\n\t\t\t\t<\/div>\n\t\t\t\t\t<\/div>\n\t\t<\/div>\n\t\t\t\t\t<\/div>\n\t\t<\/section>\n\t\t\t\t<section class=\"elementor-section elementor-top-section elementor-element elementor-element-6f9fc06 elementor-section-boxed elementor-section-height-default elementor-section-height-default\" data-id=\"6f9fc06\" data-element_type=\"section\">\n\t\t\t\t\t\t<div class=\"elementor-container elementor-column-gap-default\">\n\t\t\t\t\t<div class=\"elementor-column elementor-col-100 elementor-top-column elementor-element elementor-element-30a9a5e\" data-id=\"30a9a5e\" data-element_type=\"column\">\n\t\t\t<div class=\"elementor-widget-wrap elementor-element-populated\">\n\t\t\t\t\t\t\t<\/div>\n\t\t<\/div>\n\t\t\t\t\t<\/div>\n\t\t<\/section>\n\t\t\t\t<\/div>\n\t\t","protected":false},"excerpt":{"rendered":"<p>Ich bin 1954 in Berlin geboren und habe zwei Kinder und zwei Enkel. Ab 1994 habe ich eine sechsj\u00e4hrige Ausbildung in Tiefenpsychologisch-fundierter K\u00f6rperorientierter Psychologie und Psychotherapie bei der Europ\u00e4ischen Schule f\u00fcr Biodynamische Psychologie absolviert und mich viele Jahre darin weitergebildet. Weitere Fortbildungen: Traumatherapie und EMDR bei Eli Weidenfeld Deep Draining bei Johannes Voet Feldenkrais f\u00fcr [&hellip;]<\/p>\n","protected":false},"author":1,"featured_media":0,"parent":0,"menu_order":0,"comment_status":"closed","ping_status":"closed","template":"","meta":{"om_disable_all_campaigns":false,"_monsterinsights_skip_tracking":false,"_monsterinsights_sitenote_active":false,"_monsterinsights_sitenote_note":"","_monsterinsights_sitenote_category":0,"site-sidebar-layout":"no-sidebar","site-content-layout":"page-builder","ast-site-content-layout":"","site-content-style":"default","site-sidebar-style":"default","ast-global-header-display":"","ast-banner-title-visibility":"","ast-main-header-display":"","ast-hfb-above-header-display":"","ast-hfb-below-header-display":"","ast-hfb-mobile-header-display":"","site-post-title":"disabled","ast-breadcrumbs-content":"","ast-featured-img":"disabled","footer-sml-layout":"","theme-transparent-header-meta":"default","adv-header-id-meta":"","stick-header-meta":"","header-above-stick-meta":"","header-main-stick-meta":"","header-below-stick-meta":"","astra-migrate-meta-layouts":"default","ast-page-background-enabled":"default","ast-page-background-meta":{"desktop":{"background-color":"","background-image":"","background-repeat":"repeat","background-position":"center center","background-size":"auto","background-attachment":"scroll","background-type":"","background-media":"","overlay-type":"","overlay-color":"","overlay-opacity":"","overlay-gradient":""},"tablet":{"background-color":"","background-image":"","background-repeat":"repeat","background-position":"center center","background-size":"auto","background-attachment":"scroll","background-type":"","background-media":"","overlay-type":"","overlay-color":"","overlay-opacity":"","overlay-gradient":""},"mobile":{"background-color":"","background-image":"","background-repeat":"repeat","background-position":"center center","background-size":"auto","background-attachment":"scroll","background-type":"","background-media":"","overlay-type":"","overlay-color":"","overlay-opacity":"","overlay-gradient":""}},"ast-content-background-meta":{"desktop":{"background-color":"var(--ast-global-color-5)","background-image":"","background-repeat":"repeat","background-position":"center center","background-size":"auto","background-attachment":"scroll","background-type":"","background-media":"","overlay-type":"","overlay-color":"","overlay-opacity":"","overlay-gradient":""},"tablet":{"background-color":"var(--ast-global-color-5)","background-image":"","background-repeat":"repeat","background-position":"center center","background-size":"auto","background-attachment":"scroll","background-type":"","background-media":"","overlay-type":"","overlay-color":"","overlay-opacity":"","overlay-gradient":""},"mobile":{"background-color":"var(--ast-global-color-5)","background-image":"","background-repeat":"repeat","background-position":"center center","background-size":"auto","background-attachment":"scroll","background-type":"","background-media":"","overlay-type":"","overlay-color":"","overlay-opacity":"","overlay-gradient":""}},"footnotes":""},"class_list":["post-622","page","type-page","status-publish","hentry"],"_links":{"self":[{"href":"https:\/\/praxis-wailand.de\/index.php?rest_route=\/wp\/v2\/pages\/622","targetHints":{"allow":["GET"]}}],"collection":[{"href":"https:\/\/praxis-wailand.de\/index.php?rest_route=\/wp\/v2\/pages"}],"about":[{"href":"https:\/\/praxis-wailand.de\/index.php?rest_route=\/wp\/v2\/types\/page"}],"author":[{"embeddable":true,"href":"https:\/\/praxis-wailand.de\/index.php?rest_route=\/wp\/v2\/users\/1"}],"replies":[{"embeddable":true,"href":"https:\/\/praxis-wailand.de\/index.php?rest_route=%2Fwp%2Fv2%2Fcomments&post=622"}],"version-history":[{"count":48,"href":"https:\/\/praxis-wailand.de\/index.php?rest_route=\/wp\/v2\/pages\/622\/revisions"}],"predecessor-version":[{"id":2792,"href":"https:\/\/praxis-wailand.de\/index.php?rest_route=\/wp\/v2\/pages\/622\/revisions\/2792"}],"wp:attachment":[{"href":"https:\/\/praxis-wailand.de\/index.php?rest_route=%2Fwp%2Fv2%2Fmedia&parent=622"}],"curies":[{"name":"wp","href":"https:\/\/api.w.org\/{rel}","templated":true}]}}