{"id":2689,"date":"2024-07-04T12:06:36","date_gmt":"2024-07-04T10:06:36","guid":{"rendered":"https:\/\/praxis-wailand.de\/?page_id=2689"},"modified":"2026-02-25T14:41:42","modified_gmt":"2026-02-25T12:41:42","slug":"entspannungsgruppe","status":"publish","type":"page","link":"https:\/\/praxis-wailand.de\/?page_id=2689","title":{"rendered":"Entspannungsgruppe"},"content":{"rendered":"\t\t<div data-elementor-type=\"wp-page\" data-elementor-id=\"2689\" class=\"elementor elementor-2689\">\n\t\t\t\t\t\t<section class=\"elementor-section elementor-top-section elementor-element elementor-element-7f89d7e elementor-section-boxed elementor-section-height-default elementor-section-height-default\" data-id=\"7f89d7e\" data-element_type=\"section\">\n\t\t\t\t\t\t<div class=\"elementor-container elementor-column-gap-default\">\n\t\t\t\t\t<div class=\"elementor-column elementor-col-100 elementor-top-column elementor-element elementor-element-689e918\" data-id=\"689e918\" data-element_type=\"column\">\n\t\t\t<div class=\"elementor-widget-wrap elementor-element-populated\">\n\t\t\t\t\t\t<div class=\"elementor-element elementor-element-e14aa5b elementor-widget__width-inherit elementor-widget elementor-widget-image\" data-id=\"e14aa5b\" data-element_type=\"widget\" data-widget_type=\"image.default\">\n\t\t\t\t<div class=\"elementor-widget-container\">\n\t\t\t\t\t\t\t\t\t\t\t\t\t<img fetchpriority=\"high\" decoding=\"async\" width=\"1024\" height=\"388\" src=\"https:\/\/praxis-wailand.de\/wp-content\/uploads\/2024\/07\/blaue-Wellen1-schmal-1024x388.jpg\" class=\"attachment-large size-large wp-image-2691\" alt=\"\" srcset=\"https:\/\/praxis-wailand.de\/wp-content\/uploads\/2024\/07\/blaue-Wellen1-schmal-1024x388.jpg 1024w, https:\/\/praxis-wailand.de\/wp-content\/uploads\/2024\/07\/blaue-Wellen1-schmal-300x114.jpg 300w, https:\/\/praxis-wailand.de\/wp-content\/uploads\/2024\/07\/blaue-Wellen1-schmal-768x291.jpg 768w, https:\/\/praxis-wailand.de\/wp-content\/uploads\/2024\/07\/blaue-Wellen1-schmal-600x228.jpg 600w, https:\/\/praxis-wailand.de\/wp-content\/uploads\/2024\/07\/blaue-Wellen1-schmal-1536x582.jpg 1536w, https:\/\/praxis-wailand.de\/wp-content\/uploads\/2024\/07\/blaue-Wellen1-schmal-2048x777.jpg 2048w\" sizes=\"(max-width: 1024px) 100vw, 1024px\" \/>\t\t\t\t\t\t\t\t\t\t\t\t\t<\/div>\n\t\t\t\t<\/div>\n\t\t\t\t\t<\/div>\n\t\t<\/div>\n\t\t\t\t\t<\/div>\n\t\t<\/section>\n\t\t\t\t<section class=\"elementor-section elementor-top-section elementor-element elementor-element-8f41dc0 elementor-section-boxed elementor-section-height-default elementor-section-height-default\" data-id=\"8f41dc0\" data-element_type=\"section\">\n\t\t\t\t\t\t<div class=\"elementor-container elementor-column-gap-default\">\n\t\t\t\t\t<div class=\"elementor-column elementor-col-100 elementor-top-column elementor-element elementor-element-eb6022a\" data-id=\"eb6022a\" data-element_type=\"column\">\n\t\t\t<div class=\"elementor-widget-wrap elementor-element-populated\">\n\t\t\t\t\t\t<div class=\"elementor-element elementor-element-e78cfe0 elementor-widget elementor-widget-text-editor\" data-id=\"e78cfe0\" data-element_type=\"widget\" data-widget_type=\"text-editor.default\">\n\t\t\t\t<div class=\"elementor-widget-container\">\n\t\t\t\t\t\t\t<h3><strong>Entspannungsgruppe f\u00fcr junge Erwachsene<\/strong><\/h3>\t\t\t\t\t\t<\/div>\n\t\t\t\t<\/div>\n\t\t\t\t\t<\/div>\n\t\t<\/div>\n\t\t\t\t\t<\/div>\n\t\t<\/section>\n\t\t\t\t<section class=\"elementor-section elementor-top-section elementor-element elementor-element-99aa924 elementor-section-boxed elementor-section-height-default elementor-section-height-default\" data-id=\"99aa924\" data-element_type=\"section\">\n\t\t\t\t\t\t<div class=\"elementor-container elementor-column-gap-default\">\n\t\t\t\t\t<div class=\"elementor-column elementor-col-100 elementor-top-column elementor-element elementor-element-bf2c996\" data-id=\"bf2c996\" data-element_type=\"column\">\n\t\t\t<div class=\"elementor-widget-wrap elementor-element-populated\">\n\t\t\t\t\t\t<div class=\"elementor-element elementor-element-0e58dfd elementor-widget elementor-widget-text-editor\" data-id=\"0e58dfd\" data-element_type=\"widget\" data-widget_type=\"text-editor.default\">\n\t\t\t\t<div class=\"elementor-widget-container\">\n\t\t\t\t\t\t\t<h5>Einfach mal nichts tun m\u00fcssen..<\/h5><p>das ist nicht leicht, wenn dir so viel im Kopf herum geht und der Alltag dich st\u00e4ndig fordert.<\/p><p>Vielleicht bist du in der Ausbildung, im Studium oder noch neu in deinem Beruf.. und so vieles st\u00fcrmt auf dich ein, was dich herausfordert und du gut bew\u00e4ltigen m\u00f6chtest.<\/p><p>Und wer schafft es schon, sich dann allein still hinzusetzen und auszuruhen?<\/p><p>Zusammen mit Anderen in einem festen Rahmen dagegen geht das viel leichter!<\/p><h5>\u00a0<\/h5><h5>Die Zeit, die du dir daf\u00fcr nimmst, ist Zeit, die dir etwas Wertvolles gibt!<\/h5><p>Wir denken und planen und sind viel im Kopf; der K\u00f6rper dagegen kommt h\u00e4ufig zu kurz.<\/p><p>Sport und Fitness helfen \u00fcbersch\u00fcssige Energien abzubauen.<\/p><p>Aber wie k\u00f6nnen wir uns regenerieren und an unsere innere Kraftquelle anschlie\u00dfen, damit wir ein gutes Gegengewicht zu all den t\u00e4glichen Anforderungen entwickeln k\u00f6nnen?<\/p><p>Deshalb biete ich eine spezielle Gruppe f\u00fcr junge Erwachsene an, die Lust haben, im Austausch mit Anderen (in einer kleinen Gruppe) ihre inneren Ressourcen zu erforschen und zu st\u00e4rken.<\/p><p>Wir machen entspannende kleine K\u00f6rper\u00fcbungen, besch\u00e4ftigen uns mit der K\u00f6rperwahrnehmung, unternehmen Fantasiereisen und geben unseren inneren Bildern, dem Nichtstun, dem Sein und der Kreativit\u00e4t Raum.<\/p><p>Ort: <a href=\"http:\/\/www.institut-f\u00fcr-traumahilfe-hamburg.de\">Institut f\u00fcr Traumahilfe e.V.<\/a><\/p><p>Feldbrunnenstr. 52\u00a0<\/p><p>20148 Hamburg<\/p><p>Termine: 5 Dienstagabende, immer von 18.30 bis 21 Uhr<\/p><p>22. September 2026<\/p><p>27. Oktober 2026<\/p><p>17. November 2026<\/p><p>15. Dezember 2026<\/p><p>19. Januar 2027<\/p><p>Kosten: 190 Euro f\u00fcr die 5 Abende<\/p><p style=\"text-align: center;\"><a title=\"Kontaktformular\" href=\"https:\/\/praxis-wailand.de\/?page_id=989\">Nimm Kontakt mit mir auf<\/a><\/p><h6>\u00a0<\/h6><div>\u00a0<\/div><div>\u00a0<\/div><div>\u00a0<\/div>\t\t\t\t\t\t<\/div>\n\t\t\t\t<\/div>\n\t\t\t\t\t<\/div>\n\t\t<\/div>\n\t\t\t\t\t<\/div>\n\t\t<\/section>\n\t\t\t\t<section class=\"elementor-section elementor-top-section elementor-element elementor-element-c64229c elementor-section-boxed elementor-section-height-default elementor-section-height-default\" data-id=\"c64229c\" data-element_type=\"section\">\n\t\t\t\t\t\t<div class=\"elementor-container elementor-column-gap-default\">\n\t\t\t\t\t<div class=\"elementor-column elementor-col-100 elementor-top-column elementor-element elementor-element-33e2e49\" data-id=\"33e2e49\" data-element_type=\"column\">\n\t\t\t<div class=\"elementor-widget-wrap elementor-element-populated\">\n\t\t\t\t\t\t<div class=\"elementor-element elementor-element-6b7df1e elementor-widget__width-inherit elementor-widget elementor-widget-image\" data-id=\"6b7df1e\" data-element_type=\"widget\" data-widget_type=\"image.default\">\n\t\t\t\t<div class=\"elementor-widget-container\">\n\t\t\t\t\t\t\t\t\t\t\t\t\t<img decoding=\"async\" width=\"1024\" height=\"344\" src=\"https:\/\/praxis-wailand.de\/wp-content\/uploads\/2024\/07\/Elbe-breit-und-schmal-1024x344.jpg\" class=\"attachment-large size-large wp-image-2692\" alt=\"\" srcset=\"https:\/\/praxis-wailand.de\/wp-content\/uploads\/2024\/07\/Elbe-breit-und-schmal-1024x344.jpg 1024w, https:\/\/praxis-wailand.de\/wp-content\/uploads\/2024\/07\/Elbe-breit-und-schmal-300x101.jpg 300w, https:\/\/praxis-wailand.de\/wp-content\/uploads\/2024\/07\/Elbe-breit-und-schmal-768x258.jpg 768w, https:\/\/praxis-wailand.de\/wp-content\/uploads\/2024\/07\/Elbe-breit-und-schmal-600x202.jpg 600w, https:\/\/praxis-wailand.de\/wp-content\/uploads\/2024\/07\/Elbe-breit-und-schmal-1536x516.jpg 1536w, https:\/\/praxis-wailand.de\/wp-content\/uploads\/2024\/07\/Elbe-breit-und-schmal-2048x688.jpg 2048w\" sizes=\"(max-width: 1024px) 100vw, 1024px\" \/>\t\t\t\t\t\t\t\t\t\t\t\t\t<\/div>\n\t\t\t\t<\/div>\n\t\t\t\t\t<\/div>\n\t\t<\/div>\n\t\t\t\t\t<\/div>\n\t\t<\/section>\n\t\t\t\t<section class=\"elementor-section elementor-top-section elementor-element elementor-element-7de0b39 elementor-section-boxed elementor-section-height-default elementor-section-height-default\" data-id=\"7de0b39\" data-element_type=\"section\">\n\t\t\t\t\t\t<div class=\"elementor-container elementor-column-gap-default\">\n\t\t\t\t\t<div class=\"elementor-column elementor-col-100 elementor-top-column elementor-element elementor-element-eda8f56\" data-id=\"eda8f56\" data-element_type=\"column\">\n\t\t\t<div class=\"elementor-widget-wrap elementor-element-populated\">\n\t\t\t\t\t\t\t<\/div>\n\t\t<\/div>\n\t\t\t\t\t<\/div>\n\t\t<\/section>\n\t\t\t\t<\/div>\n\t\t","protected":false},"excerpt":{"rendered":"<p>Entspannungsgruppe f\u00fcr junge Erwachsene Einfach mal nichts tun m\u00fcssen.. das ist nicht leicht, wenn dir so viel im Kopf herum geht und der Alltag dich st\u00e4ndig fordert. Vielleicht bist du in der Ausbildung, im Studium oder noch neu in deinem Beruf.. und so vieles st\u00fcrmt auf dich ein, was dich herausfordert und du gut bew\u00e4ltigen [&hellip;]<\/p>\n","protected":false},"author":1,"featured_media":0,"parent":0,"menu_order":0,"comment_status":"closed","ping_status":"closed","template":"","meta":{"om_disable_all_campaigns":false,"_monsterinsights_skip_tracking":false,"_monsterinsights_sitenote_active":false,"_monsterinsights_sitenote_note":"","_monsterinsights_sitenote_category":0,"site-sidebar-layout":"no-sidebar","site-content-layout":"page-builder","ast-site-content-layout":"full-width-container","site-content-style":"unboxed","site-sidebar-style":"unboxed","ast-global-header-display":"","ast-banner-title-visibility":"","ast-main-header-display":"","ast-hfb-above-header-display":"","ast-hfb-below-header-display":"","ast-hfb-mobile-header-display":"","site-post-title":"disabled","ast-breadcrumbs-content":"","ast-featured-img":"disabled","footer-sml-layout":"","theme-transparent-header-meta":"","adv-header-id-meta":"","stick-header-meta":"","header-above-stick-meta":"","header-main-stick-meta":"","header-below-stick-meta":"","astra-migrate-meta-layouts":"set","ast-page-background-enabled":"default","ast-page-background-meta":{"desktop":{"background-color":"","background-image":"","background-repeat":"repeat","background-position":"center center","background-size":"auto","background-attachment":"scroll","background-type":"","background-media":"","overlay-type":"","overlay-color":"","overlay-opacity":"","overlay-gradient":""},"tablet":{"background-color":"","background-image":"","background-repeat":"repeat","background-position":"center center","background-size":"auto","background-attachment":"scroll","background-type":"","background-media":"","overlay-type":"","overlay-color":"","overlay-opacity":"","overlay-gradient":""},"mobile":{"background-color":"","background-image":"","background-repeat":"repeat","background-position":"center center","background-size":"auto","background-attachment":"scroll","background-type":"","background-media":"","overlay-type":"","overlay-color":"","overlay-opacity":"","overlay-gradient":""}},"ast-content-background-meta":{"desktop":{"background-color":"var(--ast-global-color-5)","background-image":"","background-repeat":"repeat","background-position":"center center","background-size":"auto","background-attachment":"scroll","background-type":"","background-media":"","overlay-type":"","overlay-color":"","overlay-opacity":"","overlay-gradient":""},"tablet":{"background-color":"var(--ast-global-color-5)","background-image":"","background-repeat":"repeat","background-position":"center center","background-size":"auto","background-attachment":"scroll","background-type":"","background-media":"","overlay-type":"","overlay-color":"","overlay-opacity":"","overlay-gradient":""},"mobile":{"background-color":"var(--ast-global-color-5)","background-image":"","background-repeat":"repeat","background-position":"center center","background-size":"auto","background-attachment":"scroll","background-type":"","background-media":"","overlay-type":"","overlay-color":"","overlay-opacity":"","overlay-gradient":""}},"footnotes":""},"class_list":["post-2689","page","type-page","status-publish","hentry"],"_links":{"self":[{"href":"https:\/\/praxis-wailand.de\/index.php?rest_route=\/wp\/v2\/pages\/2689","targetHints":{"allow":["GET"]}}],"collection":[{"href":"https:\/\/praxis-wailand.de\/index.php?rest_route=\/wp\/v2\/pages"}],"about":[{"href":"https:\/\/praxis-wailand.de\/index.php?rest_route=\/wp\/v2\/types\/page"}],"author":[{"embeddable":true,"href":"https:\/\/praxis-wailand.de\/index.php?rest_route=\/wp\/v2\/users\/1"}],"replies":[{"embeddable":true,"href":"https:\/\/praxis-wailand.de\/index.php?rest_route=%2Fwp%2Fv2%2Fcomments&post=2689"}],"version-history":[{"count":65,"href":"https:\/\/praxis-wailand.de\/index.php?rest_route=\/wp\/v2\/pages\/2689\/revisions"}],"predecessor-version":[{"id":2782,"href":"https:\/\/praxis-wailand.de\/index.php?rest_route=\/wp\/v2\/pages\/2689\/revisions\/2782"}],"wp:attachment":[{"href":"https:\/\/praxis-wailand.de\/index.php?rest_route=%2Fwp%2Fv2%2Fmedia&parent=2689"}],"curies":[{"name":"wp","href":"https:\/\/api.w.org\/{rel}","templated":true}]}}