{"id":1096,"date":"2022-07-25T21:19:49","date_gmt":"2022-07-25T19:19:49","guid":{"rendered":"https:\/\/praxis-wailand.de\/?page_id=1096"},"modified":"2024-07-04T11:50:48","modified_gmt":"2024-07-04T09:50:48","slug":"biodynamische-massage","status":"publish","type":"page","link":"https:\/\/praxis-wailand.de\/?page_id=1096","title":{"rendered":"Biodynamische Massage"},"content":{"rendered":"\t\t<div data-elementor-type=\"wp-page\" data-elementor-id=\"1096\" class=\"elementor elementor-1096\">\n\t\t\t\t\t\t<section class=\"elementor-section elementor-top-section elementor-element elementor-element-bfa224f elementor-section-boxed elementor-section-height-default elementor-section-height-default\" data-id=\"bfa224f\" data-element_type=\"section\">\n\t\t\t\t\t\t<div class=\"elementor-container elementor-column-gap-default\">\n\t\t\t\t\t<div class=\"elementor-column elementor-col-66 elementor-top-column elementor-element elementor-element-b566a1c\" data-id=\"b566a1c\" data-element_type=\"column\">\n\t\t\t<div class=\"elementor-widget-wrap elementor-element-populated\">\n\t\t\t\t\t\t<div class=\"elementor-element elementor-element-2dfbe89 elementor-widget elementor-widget-text-editor\" data-id=\"2dfbe89\" data-element_type=\"widget\" data-widget_type=\"text-editor.default\">\n\t\t\t\t<div class=\"elementor-widget-container\">\n\t\t\t\t\t\t\t<p style=\"text-align: center;\"><strong>Tun Sie Ihrem K\u00f6rper etwas Gutes, <\/strong><\/p><p style=\"text-align: center;\"><strong>damit Ihre Seele Lust hat, darin zu wohnen! <\/strong><\/p><p>\u00a0<\/p><p><strong>Die Zeit, die Sie sich daf\u00fcr nehmen, ist Zeit, die Ihnen etwas gibt!<\/strong><\/p><p>\u00a0<\/p><p>Die biodynamische Massage ist eine ganz besondere Methode der k\u00f6rperlichen und seelischen Ber\u00fchrung, die Ihre Lebensenergie ins Flie\u00dfen bringt und in tiefe Entspannung f\u00fchren kann. Wohlige und angenehme K\u00f6rpergef\u00fchle sind eine wunderbare Ressource! Wir f\u00fchlen uns entspannt, belebt und erfrischt, k\u00f6nnen unseren K\u00f6rper gut sp\u00fcren und uns in ihm rundherum wohl f\u00fchlen.<\/p>\t\t\t\t\t\t<\/div>\n\t\t\t\t<\/div>\n\t\t\t\t\t<\/div>\n\t\t<\/div>\n\t\t\t\t<div class=\"elementor-column elementor-col-33 elementor-top-column elementor-element elementor-element-8d13742\" data-id=\"8d13742\" data-element_type=\"column\">\n\t\t\t<div class=\"elementor-widget-wrap elementor-element-populated\">\n\t\t\t\t\t\t<div class=\"elementor-element elementor-element-81ffa75 elementor-widget elementor-widget-image\" data-id=\"81ffa75\" data-element_type=\"widget\" data-widget_type=\"image.default\">\n\t\t\t\t<div class=\"elementor-widget-container\">\n\t\t\t\t\t\t\t\t\t\t\t\t\t<img fetchpriority=\"high\" decoding=\"async\" width=\"300\" height=\"295\" src=\"https:\/\/praxis-wailand.de\/wp-content\/uploads\/2022\/10\/Massageliege-klein-300x295.png\" class=\"attachment-medium size-medium wp-image-2336\" alt=\"\" srcset=\"https:\/\/praxis-wailand.de\/wp-content\/uploads\/2022\/10\/Massageliege-klein-300x295.png 300w, https:\/\/praxis-wailand.de\/wp-content\/uploads\/2022\/10\/Massageliege-klein-600x590.png 600w, https:\/\/praxis-wailand.de\/wp-content\/uploads\/2022\/10\/Massageliege-klein.png 732w\" sizes=\"(max-width: 300px) 100vw, 300px\" \/>\t\t\t\t\t\t\t\t\t\t\t\t\t<\/div>\n\t\t\t\t<\/div>\n\t\t\t\t\t<\/div>\n\t\t<\/div>\n\t\t\t\t\t<\/div>\n\t\t<\/section>\n\t\t\t\t<section class=\"elementor-section elementor-top-section elementor-element elementor-element-d9571be elementor-reverse-mobile elementor-section-boxed elementor-section-height-default elementor-section-height-default\" data-id=\"d9571be\" data-element_type=\"section\">\n\t\t\t\t\t\t<div class=\"elementor-container elementor-column-gap-default\">\n\t\t\t\t\t<div class=\"elementor-column elementor-col-33 elementor-top-column elementor-element elementor-element-ff79056\" data-id=\"ff79056\" data-element_type=\"column\">\n\t\t\t<div class=\"elementor-widget-wrap elementor-element-populated\">\n\t\t\t\t\t\t<div class=\"elementor-element elementor-element-f6ac8c1 elementor-widget elementor-widget-image\" data-id=\"f6ac8c1\" data-element_type=\"widget\" data-widget_type=\"image.default\">\n\t\t\t\t<div class=\"elementor-widget-container\">\n\t\t\t\t\t\t\t\t\t\t\t\t\t<img decoding=\"async\" width=\"300\" height=\"225\" src=\"https:\/\/praxis-wailand.de\/wp-content\/uploads\/2022\/07\/Marianne-Bauchmassage-2-300x225.jpg\" class=\"attachment-medium size-medium wp-image-1033\" alt=\"\" srcset=\"https:\/\/praxis-wailand.de\/wp-content\/uploads\/2022\/07\/Marianne-Bauchmassage-2-300x225.jpg 300w, https:\/\/praxis-wailand.de\/wp-content\/uploads\/2022\/07\/Marianne-Bauchmassage-2-600x450.jpg 600w, https:\/\/praxis-wailand.de\/wp-content\/uploads\/2022\/07\/Marianne-Bauchmassage-2.jpg 640w\" sizes=\"(max-width: 300px) 100vw, 300px\" \/>\t\t\t\t\t\t\t\t\t\t\t\t\t<\/div>\n\t\t\t\t<\/div>\n\t\t\t\t\t<\/div>\n\t\t<\/div>\n\t\t\t\t<div class=\"elementor-column elementor-col-66 elementor-top-column elementor-element elementor-element-3263992\" data-id=\"3263992\" data-element_type=\"column\">\n\t\t\t<div class=\"elementor-widget-wrap elementor-element-populated\">\n\t\t\t\t\t\t<div class=\"elementor-element elementor-element-a469d28 elementor-widget elementor-widget-text-editor\" data-id=\"a469d28\" data-element_type=\"widget\" data-widget_type=\"text-editor.default\">\n\t\t\t\t<div class=\"elementor-widget-container\">\n\t\t\t\t\t\t\t<p>Denn der K\u00f6rper hat sein eigenes Wissen; \u00fcber ihn k\u00f6nnen Sie einen einen ganz neuen Zugang zu sich bekommen.. Oft wei\u00df er viel besser als Ihr Kopf, was in Ihrem tiefsten Innern wirklich los ist. <br \/>Der Kopf hat so seine gewohnten Gedanken und Vorstellungen und sagt zum Beispiel: &#8222;das schaffe ich schon&#8220;; w\u00e4hrend der K\u00f6rper, der Bauch, sich eigentlich \u00fcberfordert f\u00fchlt und sagt: &#8222;das ist mir einfach zu viel&#8220;.<\/p>\t\t\t\t\t\t<\/div>\n\t\t\t\t<\/div>\n\t\t\t\t\t<\/div>\n\t\t<\/div>\n\t\t\t\t\t<\/div>\n\t\t<\/section>\n\t\t\t\t<section class=\"elementor-section elementor-top-section elementor-element elementor-element-b05b220 elementor-section-boxed elementor-section-height-default elementor-section-height-default\" data-id=\"b05b220\" data-element_type=\"section\">\n\t\t\t\t\t\t<div class=\"elementor-container elementor-column-gap-default\">\n\t\t\t\t\t<div class=\"elementor-column elementor-col-66 elementor-top-column elementor-element elementor-element-0f49f10\" data-id=\"0f49f10\" data-element_type=\"column\">\n\t\t\t<div class=\"elementor-widget-wrap elementor-element-populated\">\n\t\t\t\t\t\t<div class=\"elementor-element elementor-element-9af98c4 elementor-widget elementor-widget-text-editor\" data-id=\"9af98c4\" data-element_type=\"widget\" data-widget_type=\"text-editor.default\">\n\t\t\t\t<div class=\"elementor-widget-container\">\n\t\t\t\t\t\t\t<p>Sie kennen sicher Ausdr\u00fccke wie &#8222;es schn\u00fcrt mir die Kehle zu&#8220; oder &#8222;etwas sitzt mir im Nacken&#8220;; unsere Sprache dr\u00fcckt viel Wahres \u00fcber unser k\u00f6rperliches Befinden aus. Wir neigen nur leider h\u00e4ufig dazu, dar\u00fcber hinweg zu gehen, weil wir meinen, wir m\u00fcssten funktionieren und durchhalten.<br \/><br \/><br \/>Manchmal setzt der K\u00f6rper dann eine Grenze: wir entwickeln k\u00f6rperliche Beschwerden, werden krank und bekommen so auf Umwegen die Pause, die wir uns freiwillig nicht geg\u00f6nnt haben.<\/p>\t\t\t\t\t\t<\/div>\n\t\t\t\t<\/div>\n\t\t\t\t\t<\/div>\n\t\t<\/div>\n\t\t\t\t<div class=\"elementor-column elementor-col-33 elementor-top-column elementor-element elementor-element-57ea55d\" data-id=\"57ea55d\" data-element_type=\"column\">\n\t\t\t<div class=\"elementor-widget-wrap elementor-element-populated\">\n\t\t\t\t\t\t<div class=\"elementor-element elementor-element-8e44313 elementor-widget elementor-widget-image\" data-id=\"8e44313\" data-element_type=\"widget\" data-widget_type=\"image.default\">\n\t\t\t\t<div class=\"elementor-widget-container\">\n\t\t\t\t\t\t\t\t\t\t\t\t\t<img decoding=\"async\" width=\"616\" height=\"535\" src=\"https:\/\/praxis-wailand.de\/wp-content\/uploads\/2022\/07\/Bildschirmfoto-Kopfmassage-e1664720888890.jpg\" class=\"attachment-large size-large wp-image-1029\" alt=\"\" srcset=\"https:\/\/praxis-wailand.de\/wp-content\/uploads\/2022\/07\/Bildschirmfoto-Kopfmassage-e1664720888890.jpg 616w, https:\/\/praxis-wailand.de\/wp-content\/uploads\/2022\/07\/Bildschirmfoto-Kopfmassage-e1664720888890-300x261.jpg 300w, https:\/\/praxis-wailand.de\/wp-content\/uploads\/2022\/07\/Bildschirmfoto-Kopfmassage-e1664720888890-600x521.jpg 600w\" sizes=\"(max-width: 616px) 100vw, 616px\" \/>\t\t\t\t\t\t\t\t\t\t\t\t\t<\/div>\n\t\t\t\t<\/div>\n\t\t\t\t\t<\/div>\n\t\t<\/div>\n\t\t\t\t\t<\/div>\n\t\t<\/section>\n\t\t\t\t<section class=\"elementor-section elementor-top-section elementor-element elementor-element-ceac3a9 elementor-reverse-mobile elementor-section-boxed elementor-section-height-default elementor-section-height-default\" data-id=\"ceac3a9\" data-element_type=\"section\">\n\t\t\t\t\t\t<div class=\"elementor-container elementor-column-gap-default\">\n\t\t\t\t\t<div class=\"elementor-column elementor-col-33 elementor-top-column elementor-element elementor-element-57edd7d\" data-id=\"57edd7d\" data-element_type=\"column\">\n\t\t\t<div class=\"elementor-widget-wrap elementor-element-populated\">\n\t\t\t\t\t\t<div class=\"elementor-element elementor-element-4daf11f elementor-widget elementor-widget-image\" data-id=\"4daf11f\" data-element_type=\"widget\" data-widget_type=\"image.default\">\n\t\t\t\t<div class=\"elementor-widget-container\">\n\t\t\t\t\t\t\t\t\t\t\t\t\t<img loading=\"lazy\" decoding=\"async\" width=\"571\" height=\"580\" src=\"https:\/\/praxis-wailand.de\/wp-content\/uploads\/2022\/10\/371956_original_R_K_B_by_Elke-Barbara-Bachler_pixelio.deBach-klein.png\" class=\"attachment-large size-large wp-image-2335\" alt=\"\" srcset=\"https:\/\/praxis-wailand.de\/wp-content\/uploads\/2022\/10\/371956_original_R_K_B_by_Elke-Barbara-Bachler_pixelio.deBach-klein.png 571w, https:\/\/praxis-wailand.de\/wp-content\/uploads\/2022\/10\/371956_original_R_K_B_by_Elke-Barbara-Bachler_pixelio.deBach-klein-295x300.png 295w\" sizes=\"(max-width: 571px) 100vw, 571px\" \/>\t\t\t\t\t\t\t\t\t\t\t\t\t<\/div>\n\t\t\t\t<\/div>\n\t\t\t\t\t<\/div>\n\t\t<\/div>\n\t\t\t\t<div class=\"elementor-column elementor-col-66 elementor-top-column elementor-element elementor-element-779ad4b\" data-id=\"779ad4b\" data-element_type=\"column\">\n\t\t\t<div class=\"elementor-widget-wrap elementor-element-populated\">\n\t\t\t\t\t\t<div class=\"elementor-element elementor-element-186778a elementor-widget elementor-widget-text-editor\" data-id=\"186778a\" data-element_type=\"widget\" data-widget_type=\"text-editor.default\">\n\t\t\t\t<div class=\"elementor-widget-container\">\n\t\t\t\t\t\t\tIn der biodynamischen Massage arbeite ich mit einem Stethoskop, das ich auf Ihren Bauch lege, so dass wir die T\u00f6ne Ihrer Peristaltik beide \u00fcber einen Lautsprecher mit anh\u00f6ren k\u00f6nnen. Es gibt viel dar\u00fcber zu sagen.. hier erst einmal nur so viel: die peristaltischen Ger\u00e4usche sind ein Indikator f\u00fcr unseren inneren Energiefluss.\nSind wir sehr angespannt, kann die energetische Fl\u00fcssigkeit in unserem K\u00f6rper nicht richtig flie\u00dfen und die Peristaltik ist fast oder komplett geschlossen. Sind wir in einem guten inneren Fluss, h\u00f6rt sich die Peristaltik dagegen an, als w\u00fcrde ein fr\u00f6hlicher Wildbach \u00fcber Steine flie\u00dfen. <br>Wir selbst k\u00f6nnen auch ohne Stethoskop oft das Gurgeln in unserem Bauch h\u00f6ren, besonders dann, wenn wir uns entspannen.\t\t\t\t\t\t<\/div>\n\t\t\t\t<\/div>\n\t\t\t\t\t<\/div>\n\t\t<\/div>\n\t\t\t\t\t<\/div>\n\t\t<\/section>\n\t\t\t\t<section class=\"elementor-section elementor-top-section elementor-element elementor-element-1b00fdb elementor-section-boxed elementor-section-height-default elementor-section-height-default\" data-id=\"1b00fdb\" data-element_type=\"section\">\n\t\t\t\t\t\t<div class=\"elementor-container elementor-column-gap-default\">\n\t\t\t\t\t<div class=\"elementor-column elementor-col-100 elementor-top-column elementor-element elementor-element-ed039ca\" data-id=\"ed039ca\" data-element_type=\"column\">\n\t\t\t<div class=\"elementor-widget-wrap elementor-element-populated\">\n\t\t\t\t\t\t<div class=\"elementor-element elementor-element-78f5e05 elementor-widget elementor-widget-text-editor\" data-id=\"78f5e05\" data-element_type=\"widget\" data-widget_type=\"text-editor.default\">\n\t\t\t\t<div class=\"elementor-widget-container\">\n\t\t\t\t\t\t\t<p>Die direkte K\u00f6rperarbeit orientiert sich immer an Ihren Bed\u00fcrfnissen. Ich arbeite aufmerksam, frage nach und gehe nicht \u00fcber Ihre Grenzen.<\/p><p>Manche Menschen brauchen eine eher zarte Ber\u00fchrung, andere m\u00f6chten lieber kr\u00e4ftiger massiert werden.\u00a0 Au\u00dferdem sind wir alle an unterschiedlichen Stellen des K\u00f6rpers auch unterschiedlich empfindsam.<\/p><p>Ich arbeite immer achtsam und finde mit Ihnen zusammen heraus, wo in Ihrem K\u00f6rper es sich entspannt und gut anf\u00fchlt und wo es noch etwas braucht, damit die Energie wieder flie\u00dfen kann.<\/p><p>Der \u00dcbergang zwischen der biodynamischen Massage und der k\u00f6rperorientierten Prozessarbeit ist flie\u00dfend. Mal reagiert der K\u00f6rper einfach mit Entladung, Entspannung und Wohlgef\u00fchl. <br \/>Eine bestimmte Ber\u00fchrung kann aber ebenso im K\u00f6rper gespeicherte Erinnerungen oder Bilder ausl\u00f6sen und in einen intensiven Prozess \u00fcbergehen und eine tiefe Prozessarbeit braucht oft am Ende zur Abrundung und Entspannung eine sanfte Ber\u00fchrung.<\/p><p>\u00a0<\/p><p>Am Ende der K\u00f6rperarbeit haben Sie dann die Gelegenheit, noch eine Weile nachzusp\u00fcren, zu entspannen und Ihren Prozess noch auf sich wirken zu lassen.<\/p>\t\t\t\t\t\t<\/div>\n\t\t\t\t<\/div>\n\t\t\t\t<div class=\"elementor-element elementor-element-9d1d6c4 elementor-align-center elementor-widget elementor-widget-button\" data-id=\"9d1d6c4\" data-element_type=\"widget\" data-widget_type=\"button.default\">\n\t\t\t\t<div class=\"elementor-widget-container\">\n\t\t\t\t\t\t\t<div class=\"elementor-button-wrapper\">\n\t\t\t\t\t<a class=\"elementor-button elementor-button-link elementor-size-sm\" href=\"?page_id=989\">\n\t\t\t\t\t\t<span class=\"elementor-button-content-wrapper\">\n\t\t\t\t\t\t\t\t\t<span class=\"elementor-button-text\">Nehmen Sie Kontakt zu mir auf<\/span>\n\t\t\t\t\t<\/span>\n\t\t\t\t\t<\/a>\n\t\t\t\t<\/div>\n\t\t\t\t\t\t<\/div>\n\t\t\t\t<\/div>\n\t\t\t\t\t<\/div>\n\t\t<\/div>\n\t\t\t\t\t<\/div>\n\t\t<\/section>\n\t\t\t\t<section class=\"elementor-section elementor-top-section elementor-element elementor-element-b3008a2 elementor-section-boxed elementor-section-height-default elementor-section-height-default\" data-id=\"b3008a2\" data-element_type=\"section\">\n\t\t\t\t\t\t<div class=\"elementor-container elementor-column-gap-default\">\n\t\t\t\t\t<div class=\"elementor-column elementor-col-100 elementor-top-column elementor-element elementor-element-120fa58\" data-id=\"120fa58\" data-element_type=\"column\">\n\t\t\t<div class=\"elementor-widget-wrap elementor-element-populated\">\n\t\t\t\t\t\t<div class=\"elementor-element elementor-element-2fe81c4 elementor-widget elementor-widget-image\" data-id=\"2fe81c4\" data-element_type=\"widget\" data-widget_type=\"image.default\">\n\t\t\t\t<div class=\"elementor-widget-container\">\n\t\t\t\t\t\t\t\t\t\t\t\t\t<img loading=\"lazy\" decoding=\"async\" width=\"1024\" height=\"556\" src=\"https:\/\/praxis-wailand.de\/wp-content\/uploads\/2022\/09\/Wasser-ruhig-1024x556.png\" class=\"attachment-large size-large wp-image-1642\" alt=\"\" srcset=\"https:\/\/praxis-wailand.de\/wp-content\/uploads\/2022\/09\/Wasser-ruhig-1024x556.png 1024w, https:\/\/praxis-wailand.de\/wp-content\/uploads\/2022\/09\/Wasser-ruhig-300x163.png 300w, https:\/\/praxis-wailand.de\/wp-content\/uploads\/2022\/09\/Wasser-ruhig-768x417.png 768w, https:\/\/praxis-wailand.de\/wp-content\/uploads\/2022\/09\/Wasser-ruhig-600x326.png 600w, https:\/\/praxis-wailand.de\/wp-content\/uploads\/2022\/09\/Wasser-ruhig-1536x834.png 1536w, https:\/\/praxis-wailand.de\/wp-content\/uploads\/2022\/09\/Wasser-ruhig-2048x1112.png 2048w\" sizes=\"(max-width: 1024px) 100vw, 1024px\" \/>\t\t\t\t\t\t\t\t\t\t\t\t\t<\/div>\n\t\t\t\t<\/div>\n\t\t\t\t\t<\/div>\n\t\t<\/div>\n\t\t\t\t\t<\/div>\n\t\t<\/section>\n\t\t\t\t<\/div>\n\t\t","protected":false},"excerpt":{"rendered":"<p>Tun Sie Ihrem K\u00f6rper etwas Gutes, damit Ihre Seele Lust hat, darin zu wohnen! \u00a0 Die Zeit, die Sie sich daf\u00fcr nehmen, ist Zeit, die Ihnen etwas gibt! \u00a0 Die biodynamische Massage ist eine ganz besondere Methode der k\u00f6rperlichen und seelischen Ber\u00fchrung, die Ihre Lebensenergie ins Flie\u00dfen bringt und in tiefe Entspannung f\u00fchren kann. Wohlige [&hellip;]<\/p>\n","protected":false},"author":1,"featured_media":0,"parent":0,"menu_order":0,"comment_status":"closed","ping_status":"closed","template":"","meta":{"om_disable_all_campaigns":false,"_monsterinsights_skip_tracking":false,"_monsterinsights_sitenote_active":false,"_monsterinsights_sitenote_note":"","_monsterinsights_sitenote_category":0,"site-sidebar-layout":"no-sidebar","site-content-layout":"page-builder","ast-site-content-layout":"","site-content-style":"default","site-sidebar-style":"default","ast-global-header-display":"","ast-banner-title-visibility":"","ast-main-header-display":"","ast-hfb-above-header-display":"","ast-hfb-below-header-display":"","ast-hfb-mobile-header-display":"","site-post-title":"disabled","ast-breadcrumbs-content":"","ast-featured-img":"disabled","footer-sml-layout":"","theme-transparent-header-meta":"","adv-header-id-meta":"","stick-header-meta":"","header-above-stick-meta":"","header-main-stick-meta":"","header-below-stick-meta":"","astra-migrate-meta-layouts":"default","ast-page-background-enabled":"default","ast-page-background-meta":{"desktop":{"background-color":"","background-image":"","background-repeat":"repeat","background-position":"center center","background-size":"auto","background-attachment":"scroll","background-type":"","background-media":"","overlay-type":"","overlay-color":"","overlay-opacity":"","overlay-gradient":""},"tablet":{"background-color":"","background-image":"","background-repeat":"repeat","background-position":"center center","background-size":"auto","background-attachment":"scroll","background-type":"","background-media":"","overlay-type":"","overlay-color":"","overlay-opacity":"","overlay-gradient":""},"mobile":{"background-color":"","background-image":"","background-repeat":"repeat","background-position":"center center","background-size":"auto","background-attachment":"scroll","background-type":"","background-media":"","overlay-type":"","overlay-color":"","overlay-opacity":"","overlay-gradient":""}},"ast-content-background-meta":{"desktop":{"background-color":"var(--ast-global-color-5)","background-image":"","background-repeat":"repeat","background-position":"center center","background-size":"auto","background-attachment":"scroll","background-type":"","background-media":"","overlay-type":"","overlay-color":"","overlay-opacity":"","overlay-gradient":""},"tablet":{"background-color":"var(--ast-global-color-5)","background-image":"","background-repeat":"repeat","background-position":"center center","background-size":"auto","background-attachment":"scroll","background-type":"","background-media":"","overlay-type":"","overlay-color":"","overlay-opacity":"","overlay-gradient":""},"mobile":{"background-color":"var(--ast-global-color-5)","background-image":"","background-repeat":"repeat","background-position":"center center","background-size":"auto","background-attachment":"scroll","background-type":"","background-media":"","overlay-type":"","overlay-color":"","overlay-opacity":"","overlay-gradient":""}},"footnotes":""},"class_list":["post-1096","page","type-page","status-publish","hentry"],"_links":{"self":[{"href":"https:\/\/praxis-wailand.de\/index.php?rest_route=\/wp\/v2\/pages\/1096","targetHints":{"allow":["GET"]}}],"collection":[{"href":"https:\/\/praxis-wailand.de\/index.php?rest_route=\/wp\/v2\/pages"}],"about":[{"href":"https:\/\/praxis-wailand.de\/index.php?rest_route=\/wp\/v2\/types\/page"}],"author":[{"embeddable":true,"href":"https:\/\/praxis-wailand.de\/index.php?rest_route=\/wp\/v2\/users\/1"}],"replies":[{"embeddable":true,"href":"https:\/\/praxis-wailand.de\/index.php?rest_route=%2Fwp%2Fv2%2Fcomments&post=1096"}],"version-history":[{"count":160,"href":"https:\/\/praxis-wailand.de\/index.php?rest_route=\/wp\/v2\/pages\/1096\/revisions"}],"predecessor-version":[{"id":2688,"href":"https:\/\/praxis-wailand.de\/index.php?rest_route=\/wp\/v2\/pages\/1096\/revisions\/2688"}],"wp:attachment":[{"href":"https:\/\/praxis-wailand.de\/index.php?rest_route=%2Fwp%2Fv2%2Fmedia&parent=1096"}],"curies":[{"name":"wp","href":"https:\/\/api.w.org\/{rel}","templated":true}]}}