{"id":1091,"date":"2022-07-25T21:15:46","date_gmt":"2022-07-25T19:15:46","guid":{"rendered":"https:\/\/praxis-wailand.de\/?page_id=1091"},"modified":"2022-10-01T18:11:56","modified_gmt":"2022-10-01T16:11:56","slug":"impressum","status":"publish","type":"page","link":"https:\/\/praxis-wailand.de\/?page_id=1091","title":{"rendered":"Impressum"},"content":{"rendered":"\t\t<div data-elementor-type=\"wp-page\" data-elementor-id=\"1091\" class=\"elementor elementor-1091\">\n\t\t\t\t\t\t<section class=\"elementor-section elementor-top-section elementor-element elementor-element-dc54a6c elementor-section-boxed elementor-section-height-default elementor-section-height-default\" data-id=\"dc54a6c\" data-element_type=\"section\">\n\t\t\t\t\t\t<div class=\"elementor-container elementor-column-gap-default\">\n\t\t\t\t\t<div class=\"elementor-column elementor-col-100 elementor-top-column elementor-element elementor-element-30f39f4\" data-id=\"30f39f4\" data-element_type=\"column\">\n\t\t\t<div class=\"elementor-widget-wrap\">\n\t\t\t\t\t\t\t<\/div>\n\t\t<\/div>\n\t\t\t\t\t<\/div>\n\t\t<\/section>\n\t\t\t\t<section class=\"elementor-section elementor-top-section elementor-element elementor-element-267076f elementor-section-boxed elementor-section-height-default elementor-section-height-default\" data-id=\"267076f\" data-element_type=\"section\">\n\t\t\t\t\t\t<div class=\"elementor-container elementor-column-gap-default\">\n\t\t\t\t\t<div class=\"elementor-column elementor-col-100 elementor-top-column elementor-element elementor-element-b04a6ff\" data-id=\"b04a6ff\" data-element_type=\"column\">\n\t\t\t<div class=\"elementor-widget-wrap elementor-element-populated\">\n\t\t\t\t\t\t<div class=\"elementor-element elementor-element-0f0ddf6 elementor-widget elementor-widget-text-editor\" data-id=\"0f0ddf6\" data-element_type=\"widget\" data-widget_type=\"text-editor.default\">\n\t\t\t\t<div class=\"elementor-widget-container\">\n\t\t\t\t\t\t\t<p><span style=\"font-size: large;\"><b>Impressum<\/b><\/span><\/p><p><span style=\"font-size: large;\">Inhaltlich verantwortlich gem\u00e4\u00df \u00a75 TMG:<br \/><br \/>Marianne Wailand-Ricklefs<br \/>Dr\u00e4gerkoppel 7<br \/><br \/>23684 Gronenberg<br \/><br \/>Mail: <a href=\"mailto:info@praxis-wailand.de\">info@praxis-wailand.de<\/a><br \/>Telefon: 0171 521 44 50<br \/><br \/>Steuernummer <\/span><span style=\"font-family: DejaVu Sans, sans-serif;\"><span style=\"font-size: small;\">25\/393\/09172<\/span><\/span><\/p><p><span style=\"font-size: large;\"><br \/>Kleinunternehmerregelung nach \u00a7 19 UStG<br \/><br \/>Copyright:<br \/>Alle Rechte vorbehalten. Der Inhalt dieser Webseite darf ohne vorherige schriftliche Zustimmung weder kopiert, ver\u00e4ndert noch weiter vertrieben werden. <br \/><br \/>Bildrechte: Marianne Wailand-Ricklefs, Christiane Becker, <\/span><span style=\"font-size: large;\">Elke Barbara Bachler\/pixelio.de, Christine Bocks \/ pixelio.de<br \/><br \/>Haftungshinweis:<br \/>Ich bin bem\u00fcht, auf meiner Webseite vollst\u00e4ndige und richtige Informationen anzubieten, kann aber keinen Haftung f\u00fcr die Richtigkeit und Vollst\u00e4ndigkeit der Informationen \u00fcbernehmen.<br \/><br \/>Ich behalte mir vor, Informationen jederzeit zu \u00e4ndern oder zu erg\u00e4nzen, ohne daf\u00fcr Haftung zu \u00fcbernehmen.<\/span><\/p>\t\t\t\t\t\t<\/div>\n\t\t\t\t<\/div>\n\t\t\t\t\t<\/div>\n\t\t<\/div>\n\t\t\t\t\t<\/div>\n\t\t<\/section>\n\t\t\t\t<\/div>\n\t\t","protected":false},"excerpt":{"rendered":"<p>Impressum Inhaltlich verantwortlich gem\u00e4\u00df \u00a75 TMG: Marianne Wailand-RicklefsDr\u00e4gerkoppel 7 23684 Gronenberg Mail: info@praxis-wailand.deTelefon: 0171 521 44 50 Steuernummer 25\/393\/09172 Kleinunternehmerregelung nach \u00a7 19 UStG Copyright:Alle Rechte vorbehalten. Der Inhalt dieser Webseite darf ohne vorherige schriftliche Zustimmung weder kopiert, ver\u00e4ndert noch weiter vertrieben werden. Bildrechte: Marianne Wailand-Ricklefs, Christiane Becker, Elke Barbara Bachler\/pixelio.de, Christine Bocks \/ pixelio.de [&hellip;]<\/p>\n","protected":false},"author":1,"featured_media":0,"parent":0,"menu_order":0,"comment_status":"closed","ping_status":"closed","template":"","meta":{"om_disable_all_campaigns":false,"_monsterinsights_skip_tracking":false,"_monsterinsights_sitenote_active":false,"_monsterinsights_sitenote_note":"","_monsterinsights_sitenote_category":0,"site-sidebar-layout":"no-sidebar","site-content-layout":"page-builder","ast-site-content-layout":"","site-content-style":"default","site-sidebar-style":"default","ast-global-header-display":"","ast-banner-title-visibility":"","ast-main-header-display":"","ast-hfb-above-header-display":"","ast-hfb-below-header-display":"","ast-hfb-mobile-header-display":"","site-post-title":"disabled","ast-breadcrumbs-content":"","ast-featured-img":"disabled","footer-sml-layout":"","theme-transparent-header-meta":"","adv-header-id-meta":"","stick-header-meta":"","header-above-stick-meta":"","header-main-stick-meta":"","header-below-stick-meta":"","astra-migrate-meta-layouts":"default","ast-page-background-enabled":"default","ast-page-background-meta":{"desktop":{"background-color":"","background-image":"","background-repeat":"repeat","background-position":"center center","background-size":"auto","background-attachment":"scroll","background-type":"","background-media":"","overlay-type":"","overlay-color":"","overlay-opacity":"","overlay-gradient":""},"tablet":{"background-color":"","background-image":"","background-repeat":"repeat","background-position":"center center","background-size":"auto","background-attachment":"scroll","background-type":"","background-media":"","overlay-type":"","overlay-color":"","overlay-opacity":"","overlay-gradient":""},"mobile":{"background-color":"","background-image":"","background-repeat":"repeat","background-position":"center center","background-size":"auto","background-attachment":"scroll","background-type":"","background-media":"","overlay-type":"","overlay-color":"","overlay-opacity":"","overlay-gradient":""}},"ast-content-background-meta":{"desktop":{"background-color":"var(--ast-global-color-5)","background-image":"","background-repeat":"repeat","background-position":"center center","background-size":"auto","background-attachment":"scroll","background-type":"","background-media":"","overlay-type":"","overlay-color":"","overlay-opacity":"","overlay-gradient":""},"tablet":{"background-color":"var(--ast-global-color-5)","background-image":"","background-repeat":"repeat","background-position":"center center","background-size":"auto","background-attachment":"scroll","background-type":"","background-media":"","overlay-type":"","overlay-color":"","overlay-opacity":"","overlay-gradient":""},"mobile":{"background-color":"var(--ast-global-color-5)","background-image":"","background-repeat":"repeat","background-position":"center center","background-size":"auto","background-attachment":"scroll","background-type":"","background-media":"","overlay-type":"","overlay-color":"","overlay-opacity":"","overlay-gradient":""}},"footnotes":""},"class_list":["post-1091","page","type-page","status-publish","hentry"],"_links":{"self":[{"href":"https:\/\/praxis-wailand.de\/index.php?rest_route=\/wp\/v2\/pages\/1091","targetHints":{"allow":["GET"]}}],"collection":[{"href":"https:\/\/praxis-wailand.de\/index.php?rest_route=\/wp\/v2\/pages"}],"about":[{"href":"https:\/\/praxis-wailand.de\/index.php?rest_route=\/wp\/v2\/types\/page"}],"author":[{"embeddable":true,"href":"https:\/\/praxis-wailand.de\/index.php?rest_route=\/wp\/v2\/users\/1"}],"replies":[{"embeddable":true,"href":"https:\/\/praxis-wailand.de\/index.php?rest_route=%2Fwp%2Fv2%2Fcomments&post=1091"}],"version-history":[{"count":31,"href":"https:\/\/praxis-wailand.de\/index.php?rest_route=\/wp\/v2\/pages\/1091\/revisions"}],"predecessor-version":[{"id":2277,"href":"https:\/\/praxis-wailand.de\/index.php?rest_route=\/wp\/v2\/pages\/1091\/revisions\/2277"}],"wp:attachment":[{"href":"https:\/\/praxis-wailand.de\/index.php?rest_route=%2Fwp%2Fv2%2Fmedia&parent=1091"}],"curies":[{"name":"wp","href":"https:\/\/api.w.org\/{rel}","templated":true}]}}